{"id":3909,"date":"2022-12-29T04:29:10","date_gmt":"2022-12-29T03:29:10","guid":{"rendered":"https:\/\/roewa.net\/imprint\/"},"modified":"2025-11-21T14:25:17","modified_gmt":"2025-11-21T13:25:17","slug":"imprint","status":"publish","type":"page","link":"https:\/\/www.roewa.net\/en\/imprint\/","title":{"rendered":"Imprint"},"content":{"rendered":"\t\t<div data-elementor-type=\"wp-page\" data-elementor-id=\"3909\" class=\"elementor elementor-3909 elementor-2012\" data-elementor-post-type=\"page\">\n\t\t\t\t\t\t<section class=\"elementor-section elementor-top-section elementor-element elementor-element-2c0958e elementor-section-full_width elementor-section-height-default elementor-section-height-default\" data-id=\"2c0958e\" data-element_type=\"section\">\n\t\t\t\t\t\t<div class=\"elementor-container elementor-column-gap-default\">\n\t\t\t\t\t<div class=\"elementor-column elementor-col-100 elementor-top-column elementor-element elementor-element-c8d9413\" data-id=\"c8d9413\" data-element_type=\"column\">\n\t\t\t<div class=\"elementor-widget-wrap elementor-element-populated\">\n\t\t\t\t\t\t<div class=\"elementor-element elementor-element-fd43446 elementor-widget elementor-widget-heading\" data-id=\"fd43446\" data-element_type=\"widget\" data-widget_type=\"heading.default\">\n\t\t\t\t<div class=\"elementor-widget-container\">\n\t\t\t\t\t<h1 class=\"elementor-heading-title elementor-size-default\">Imprint<\/h1>\t\t\t\t<\/div>\n\t\t\t\t<\/div>\n\t\t\t\t<div class=\"elementor-element elementor-element-01cc517 elementor-widget elementor-widget-text-editor\" data-id=\"01cc517\" data-element_type=\"widget\" data-widget_type=\"text-editor.default\">\n\t\t\t\t<div class=\"elementor-widget-container\">\n\t\t\t\t\t\t\t\t\t<h5><strong><span dir=\"ltr\" role=\"presentation\">Duty to inform according to \u00a75 E<\/span><span dir=\"ltr\" role=\"presentation\">&#8211;<\/span><span dir=\"ltr\" role=\"presentation\">Commerce Act, \u00a763 <\/span><span dir=\"ltr\" role=\"presentation\">Gewerbeordnung and duty of disclosure according to \u00a725 Media Act<\/span><\/strong><\/h5><div> <\/div><p>R\u00f6ssler R\u00d6WA GmbH<br>Prof. Schlosser-Strasse, 31<br>6330 Kufstein<\/p><p><strong>Represented by:<\/strong><br>Walter R\u00f6ssler<\/p><p>Company register number:<br>FN 276897 b<br>Landesgericht Innsbruck<\/p><h2>Contact<\/h2><p>Phone: +43 (0)5372 \/ 90810<br>Telefax: +43 (0)5372 \/ 90811<br>E-mail: office@titan6.com<\/p><h2>VAT ID<\/h2><p>VAT identification number (VAT ID):<br>ATU 6241 6825<\/p><h2>Supervisory authority<\/h2><p>Kufstein district administration<br>Bolzano square 1  <br>6330 Kufstein<\/p><p><a href=\"https:\/\/www.tirol.gv.at\/kufstein\" target=\"_blank\" rel=\"noopener noreferrer\">https:\/\/www.tirol.gv.at\/kufstein<\/a><\/p><h2>Professional title and professional regulations<\/h2><p>Job Title:<br>Weapons trade including arms trade<\/p><p>Competent chamber:<br>Tyrol Chamber of Commerce<br>Wilhelm-Greil-Strasse 7  <br>6020 Innsbruck<\/p><p>www.wko.at\/tirol<\/p><p>Awarded in:<br>Austria<\/p><p>The following professional regulations apply:<\/p><p>Industrial Code 1994<br>available at: <a href=\"https:\/\/ris.bka.gv.at\/GeltendeFassung.wxe?Abfrage=Bundesnormen&amp;Gesetzesnummer=10007517\" target=\"_blank\" rel=\"noopener noreferrer\">https:\/\/ris.bka.gv.at\/GeltendeFassung.wxe?Abfrage=Bundesnormen&amp;Gesetzesnummer=10007517<\/a><\/p><p>Industrial Code 1994 \u00a7 139<br>available at: <a href=\"https:\/\/ris.bka.gv.at\/NormDokument.wxe?Abfrage=Bundesnormen&amp;Gesetzesnummer=10007517&amp;Artikel=&amp;Paragraf=139&amp;Anlage=&amp;Uebergangsrecht=\" target=\"_blank\" rel=\"noopener noreferrer\">https:\/\/ris.bka.gv.at\/NormDokument.wxe?Abfrage=Bundesnormen&amp;Gesetzesnummer=10007517&amp;Artikel=&amp;Paragraf=139&amp;Anlage=&amp;Uebergangsrecht=<\/a><\/p><p>Weapons Act 1996<br>available at: <a href=\"https:\/\/www.ris.bka.gv.at\/GeltendeFassung.wxe?Abfrage=Bundesnormen&amp;Gesetzesnummer=10006016\" target=\"_blank\" rel=\"noopener noreferrer\">https:\/\/www.ris.bka.gv.at\/GeltendeFassung.wxe?Abfrage=Bundesnormen&amp;Gesetzesnummer=10006016<\/a><\/p><h2>Editorially responsible<\/h2><p>R\u00f6ssler R\u00d6WA GmbH<\/p><h2>Consumer dispute resolution \/ Alternative dispute resolution<\/h2><p>We are neither obliged nor willing to participate in dispute resolution proceedings before a consumer arbitration board.<\/p>\t\t\t\t\t\t\t\t<\/div>\n\t\t\t\t<\/div>\n\t\t\t\t<div class=\"elementor-element elementor-element-cd0c0a1 elementor-widget elementor-widget-text-editor\" data-id=\"cd0c0a1\" data-element_type=\"widget\" data-widget_type=\"text-editor.default\">\n\t\t\t\t<div class=\"elementor-widget-container\">\n\t\t\t\t\t\t\t\t\t<p><b style=\"font-family: var( --e-global-typography-text-font-family ), Sans-serif; font-size: var( --e-global-typography-text-font-size ); font-style: var( --e-global-typography-text-font-style ); text-transform: var( --e-global-typography-text-text-transform );\">1. content of the online offer<\/b><\/p><div> <\/div><div>The author assumes no responsibility for the topicality, correctness, completeness or quality of the information provided. Liability claims against the author, which are based on damages of material or<\/div><div>The author reserves the right not to be responsible for the topicality, correctness, completeness or quality of the information provided. Liability claims regarding damage caused by the use of any information provided, including any kind of information which is incomplete or incorrect, will therefore be rejected. All offers are subject to change and non-binding. The author expressly reserves the right to change, supplement or delete parts of the pages or the entire offer without prior notice or to cease publication temporarily or permanently.<\/div><div> <\/div><div>The hunting and sporting firearms advertised on this website are only available from well-stocked specialist dealers and only on presentation of a valid purchase authorization. The applicable national and local weapons laws must be observed.<\/div><div> <span style=\"font-family: var( --e-global-typography-text-font-family ), Sans-serif; font-size: var( --e-global-typography-text-font-size ); font-style: var( --e-global-typography-text-font-style ); text-transform: var( --e-global-typography-text-text-transform ); background-color: var( --e-global-color-630e120 );\"> <\/span><\/div><div><b>2. copyright and trademark law<\/b><\/div><div> <\/div><div>The author endeavors to observe the copyrights of the graphics, sound documents, video sequences and texts used in all publications, to use graphics, sound documents, video sequences and texts created by himself or to use license-free graphics, sound documents, video sequences and texts. All brands and trademarks mentioned within the Internet offer and possibly protected by third parties are subject without limitation to the provisions of the applicable trademark law and the ownership rights of the copyright owner. The mere mention of a trademark does not imply that it is not protected by the rights of third parties! The copyright for published objects created by the author himself remains solely with the author of the pages. Any duplication or use of objects such as diagrams, sounds or texts in other electronic or printed publications is not permitted without the author&#8217;s agreement.<\/div><div> <\/div><div><b>3. legal validity of this disclaimer<\/b><\/div><div> <\/div><div>This disclaimer is to be regarded as part of the internet publication which you were referred from. If sections or individual terms of this statement are not legal or correct, the content or validity of the other parts remain uninfluenced by this fact.  <\/div>\t\t\t\t\t\t\t\t<\/div>\n\t\t\t\t<\/div>\n\t\t\t\t\t<\/div>\n\t\t<\/div>\n\t\t\t\t\t<\/div>\n\t\t<\/section>\n\t\t\t\t<\/div>\n\t\t","protected":false},"excerpt":{"rendered":"<p>Imprint Duty to inform according to \u00a75 E-Commerce Act, \u00a763 Gewerbeordnung and duty of disclosure according to \u00a725 Media Act R\u00f6ssler R\u00d6WA GmbHProf. Schlosser-Strasse, 316330 Kufstein Represented by:Walter R\u00f6ssler Company register number:FN 276897 bLandesgericht Innsbruck Contact Phone: +43 (0)5372 \/ 90810Telefax: +43 (0)5372 \/ 90811E-mail: office@titan6.com VAT ID VAT identification number (VAT ID):ATU 6241 6825 [&hellip;]<\/p>\n","protected":false},"author":2,"featured_media":0,"parent":0,"menu_order":0,"comment_status":"closed","ping_status":"closed","template":"","meta":{"footnotes":""},"class_list":["post-3909","page","type-page","status-publish","hentry"],"_links":{"self":[{"href":"https:\/\/www.roewa.net\/en\/wp-json\/wp\/v2\/pages\/3909","targetHints":{"allow":["GET"]}}],"collection":[{"href":"https:\/\/www.roewa.net\/en\/wp-json\/wp\/v2\/pages"}],"about":[{"href":"https:\/\/www.roewa.net\/en\/wp-json\/wp\/v2\/types\/page"}],"author":[{"embeddable":true,"href":"https:\/\/www.roewa.net\/en\/wp-json\/wp\/v2\/users\/2"}],"replies":[{"embeddable":true,"href":"https:\/\/www.roewa.net\/en\/wp-json\/wp\/v2\/comments?post=3909"}],"version-history":[{"count":47,"href":"https:\/\/www.roewa.net\/en\/wp-json\/wp\/v2\/pages\/3909\/revisions"}],"predecessor-version":[{"id":8339,"href":"https:\/\/www.roewa.net\/en\/wp-json\/wp\/v2\/pages\/3909\/revisions\/8339"}],"wp:attachment":[{"href":"https:\/\/www.roewa.net\/en\/wp-json\/wp\/v2\/media?parent=3909"}],"curies":[{"name":"wp","href":"https:\/\/api.w.org\/{rel}","templated":true}]}}